{"id":43,"date":"2025-09-05T09:38:49","date_gmt":"2025-09-05T12:38:49","guid":{"rendered":"https:\/\/sophiederam.com\/linktree\/?page_id=43"},"modified":"2026-03-24T11:54:57","modified_gmt":"2026-03-24T14:54:57","slug":"links-sophie","status":"publish","type":"page","link":"https:\/\/sophiederam.com\/linktree\/","title":{"rendered":"Links Sophie"},"content":{"rendered":"\t\t<div data-elementor-type=\"wp-page\" data-elementor-id=\"43\" class=\"elementor elementor-43\" data-elementor-post-type=\"page\">\n\t\t\t\t\t\t<section class=\"elementor-section elementor-top-section elementor-element elementor-element-1af6768d elementor-section-content-middle elementor-section-boxed elementor-section-height-default elementor-section-height-default\" data-id=\"1af6768d\" data-element_type=\"section\" data-e-type=\"section\" data-settings=\"{&quot;background_background&quot;:&quot;classic&quot;}\">\n\t\t\t\t\t\t<div class=\"elementor-container elementor-column-gap-default\">\n\t\t\t\t\t<div class=\"elementor-column elementor-col-100 elementor-top-column elementor-element elementor-element-5ef28aa1\" data-id=\"5ef28aa1\" data-element_type=\"column\" data-e-type=\"column\">\n\t\t\t<div class=\"elementor-widget-wrap elementor-element-populated\">\n\t\t\t\t\t\t<div class=\"elementor-element elementor-element-37f59c07 elementor-widget elementor-widget-image\" data-id=\"37f59c07\" data-element_type=\"widget\" data-e-type=\"widget\" data-widget_type=\"image.default\">\n\t\t\t\t\t\t\t\t\t\t\t\t\t\t\t<img fetchpriority=\"high\" decoding=\"async\" width=\"800\" height=\"535\" src=\"https:\/\/sophiederam.com\/linktree\/wp-content\/uploads\/2025\/09\/Captura-de-Tela-2025-09-05-as-10.06.12.png\" class=\"attachment-large size-large wp-image-74\" alt=\"\" srcset=\"https:\/\/sophiederam.com\/linktree\/wp-content\/uploads\/2025\/09\/Captura-de-Tela-2025-09-05-as-10.06.12.png 937w, https:\/\/sophiederam.com\/linktree\/wp-content\/uploads\/2025\/09\/Captura-de-Tela-2025-09-05-as-10.06.12-300x201.png 300w, https:\/\/sophiederam.com\/linktree\/wp-content\/uploads\/2025\/09\/Captura-de-Tela-2025-09-05-as-10.06.12-768x514.png 768w\" sizes=\"(max-width: 800px) 100vw, 800px\" \/>\t\t\t\t\t\t\t\t\t\t\t\t\t\t\t<\/div>\n\t\t\t\t<div class=\"elementor-element elementor-element-21c34df8 elementor-widget__width-auto elementor-widget elementor-widget-heading\" data-id=\"21c34df8\" data-element_type=\"widget\" data-e-type=\"widget\" data-widget_type=\"heading.default\">\n\t\t\t\t\t<span class=\"elementor-heading-title elementor-size-default\">Bem-vindo(a)! Que bom ter voc\u00ea por aqui.<\/span>\t\t\t\t<\/div>\n\t\t\t\t<div class=\"elementor-element elementor-element-ef9e6f9 elementor-widget elementor-widget-heading\" data-id=\"ef9e6f9\" data-element_type=\"widget\" data-e-type=\"widget\" data-widget_type=\"heading.default\">\n\t\t\t\t\t<h2 class=\"elementor-heading-title elementor-size-default\">Aqui voc\u00ea encontra links para eventos, consultas, cursos, v\u00eddeos, publica\u00e7\u00f5es e outros conte\u00fados relevantes sobre sa\u00fade, comportamento alimentar e ci\u00eancia da nutri\u00e7\u00e3o.<\/h2>\t\t\t\t<\/div>\n\t\t<div class=\"elementor-element elementor-element-02aa833 e-flex e-con-boxed e-con e-parent\" data-id=\"02aa833\" data-element_type=\"container\" data-e-type=\"container\">\n\t\t\t\t\t<div class=\"e-con-inner\">\n\t\t\t\t<div class=\"elementor-element elementor-element-9dc3522 elementor-widget__width-initial elementor-align-center elementor-widget elementor-widget-button\" data-id=\"9dc3522\" data-element_type=\"widget\" data-e-type=\"widget\" data-widget_type=\"button.default\">\n\t\t\t\t\t\t\t\t\t\t<a class=\"elementor-button elementor-button-link elementor-size-sm\" href=\"https:\/\/sophiederam.typeform.com\/Encontro15mai26?utm_source=social&#038;utm_medium=instagram-linktree&#038;utm_campaign=encontro_25mar26&#038;utm_term=organico&#038;utm_content=sophiederam-br\">\n\t\t\t\t\t\t<span class=\"elementor-button-content-wrapper\">\n\t\t\t\t\t\t\t\t\t<span class=\"elementor-button-text\">15\/05 - ENCONTRO H\u00cdBRIDO \"OS 7 PILARES DA SA\u00daDE ALIMENTAR\"<\/span>\n\t\t\t\t\t<\/span>\n\t\t\t\t\t<\/a>\n\t\t\t\t\t\t\t\t<\/div>\n\t\t\t\t<div class=\"elementor-element elementor-element-b1b41f9 elementor-widget__width-initial elementor-align-center elementor-widget elementor-widget-button\" data-id=\"b1b41f9\" data-element_type=\"widget\" data-e-type=\"widget\" data-widget_type=\"button.default\">\n\t\t\t\t\t\t\t\t\t\t<a class=\"elementor-button elementor-button-link elementor-size-sm\" href=\"https:\/\/sophiederam.com\/consultas?utm_source=instagram&#038;utm_medium=social&#038;utm_campaign=consultas&#038;utm_content=bio-sophiederam-br\">\n\t\t\t\t\t\t<span class=\"elementor-button-content-wrapper\">\n\t\t\t\t\t\t\t\t\t<span class=\"elementor-button-text\">SOLICITAR INFORMA\u00c7\u00d5ES SOBRE CONSULTAS COMIGO<\/span>\n\t\t\t\t\t<\/span>\n\t\t\t\t\t<\/a>\n\t\t\t\t\t\t\t\t<\/div>\n\t\t\t\t<div class=\"elementor-element elementor-element-ab8322a elementor-widget__width-initial elementor-align-center elementor-widget elementor-widget-button\" data-id=\"ab8322a\" data-element_type=\"widget\" data-e-type=\"widget\" data-widget_type=\"button.default\">\n\t\t\t\t\t\t\t\t\t\t<a class=\"elementor-button elementor-button-link elementor-size-sm\" href=\"https:\/\/sophiederam.typeform.com\/ComEfeitoSophie?utm_source=social&#038;utm_medium=instagram&#038;utm_campaign=organico&#038;utm_term=bio-linktree&#038;utm_content=sophiederam-br\">\n\t\t\t\t\t\t<span class=\"elementor-button-content-wrapper\">\n\t\t\t\t\t\t\t\t\t<span class=\"elementor-button-text\">ENTRAR NA COMUNIDADE GRATUITA \"EFEITO SOPHIE\"<\/span>\n\t\t\t\t\t<\/span>\n\t\t\t\t\t<\/a>\n\t\t\t\t\t\t\t\t<\/div>\n\t\t\t\t<div class=\"elementor-element elementor-element-0b8f98a elementor-widget__width-initial elementor-align-center elementor-widget elementor-widget-button\" data-id=\"0b8f98a\" data-element_type=\"widget\" data-e-type=\"widget\" data-widget_type=\"button.default\">\n\t\t\t\t\t\t\t\t\t\t<a class=\"elementor-button elementor-button-link elementor-size-sm\" href=\"https:\/\/metodosophie.com.br?utm_source=instagram&#038;utm_medium=linktree&#038;utm_campaign=fmstn&#038;utm_content=sophiederam-br\">\n\t\t\t\t\t\t<span class=\"elementor-button-content-wrapper\">\n\t\t\t\t\t\t\t\t\t<span class=\"elementor-button-text\">FORMA\u00c7\u00c3O \"M\u00c9TODO SOPHIE DE TERAPIA NUTRICIONAL\"<\/span>\n\t\t\t\t\t<\/span>\n\t\t\t\t\t<\/a>\n\t\t\t\t\t\t\t\t<\/div>\n\t\t\t\t<div class=\"elementor-element elementor-element-173dddd elementor-mobile-align-center elementor-widget__width-initial elementor-widget-mobile__width-initial elementor-align-center elementor-hidden-desktop elementor-hidden-tablet elementor-hidden-mobile elementor-widget elementor-widget-button\" data-id=\"173dddd\" data-element_type=\"widget\" data-e-type=\"widget\" data-widget_type=\"button.default\">\n\t\t\t\t\t\t\t\t\t\t<a class=\"elementor-button elementor-button-link elementor-size-sm\" href=\"https:\/\/sophiederam.typeform.com\/Master15out25?utm_source=instagram&#038;utm_medium=social&#038;utm_campaign=convite-masterclass&#038;utm_content=bio-sophiederam-br%20\" target=\"_blank\">\n\t\t\t\t\t\t<span class=\"elementor-button-content-wrapper\">\n\t\t\t\t\t\t\t\t\t<span class=\"elementor-button-text\">MASTERCLASS GRATUITA - ERROS CL\u00cdNICOS QUE PODEM DESPERTAR TRANSTORNOS ALIMENTARES<\/span>\n\t\t\t\t\t<\/span>\n\t\t\t\t\t<\/a>\n\t\t\t\t\t\t\t\t<\/div>\n\t\t\t\t<div class=\"elementor-element elementor-element-4357e10 elementor-mobile-align-center elementor-widget__width-initial elementor-widget-mobile__width-initial elementor-align-center elementor-hidden-desktop elementor-hidden-tablet elementor-hidden-mobile elementor-widget elementor-widget-button\" data-id=\"4357e10\" data-element_type=\"widget\" data-e-type=\"widget\" data-widget_type=\"button.default\">\n\t\t\t\t\t\t\t\t\t\t<a class=\"elementor-button elementor-button-link elementor-size-sm\" href=\"https:\/\/sophiederam.pro.typeform.com\/ApliTAs?utm_source=linktree&#038;utm_campaign=pre-venda-ta-out-15&#038;utm_medium=social\" target=\"_blank\">\n\t\t\t\t\t\t<span class=\"elementor-button-content-wrapper\">\n\t\t\t\t\t\t\t\t\t<span class=\"elementor-button-text\">Curso Transtornos Alimentares - Matr\u00edculas abertas<\/span>\n\t\t\t\t\t<\/span>\n\t\t\t\t\t<\/a>\n\t\t\t\t\t\t\t\t<\/div>\n\t\t\t\t<div class=\"elementor-element elementor-element-83abb46 elementor-mobile-align-center elementor-widget__width-initial elementor-widget-mobile__width-initial elementor-align-center elementor-widget elementor-widget-button\" data-id=\"83abb46\" data-element_type=\"widget\" data-e-type=\"widget\" data-widget_type=\"button.default\">\n\t\t\t\t\t\t\t\t\t\t<a class=\"elementor-button elementor-button-link elementor-size-sm\" href=\"http:\/\/calonexp.com\/biografia\/sophie-deram\" target=\"_blank\">\n\t\t\t\t\t\t<span class=\"elementor-button-content-wrapper\">\n\t\t\t\t\t\t\t\t\t<span class=\"elementor-button-text\">PROJETO BIOGRAFIA  - AGENDA ONU 2030<\/span>\n\t\t\t\t\t<\/span>\n\t\t\t\t\t<\/a>\n\t\t\t\t\t\t\t\t<\/div>\n\t\t\t\t<div class=\"elementor-element elementor-element-660252b elementor-mobile-align-center elementor-widget__width-initial elementor-widget-mobile__width-inherit elementor-align-center elementor-widget elementor-widget-button\" data-id=\"660252b\" data-element_type=\"widget\" data-e-type=\"widget\" data-widget_type=\"button.default\">\n\t\t\t\t\t\t\t\t\t\t<a class=\"elementor-button elementor-button-link elementor-size-sm\" href=\"http:\/\/drigoremanuel.com.br\/psmm-sophiederam\" target=\"_blank\">\n\t\t\t\t\t\t<span class=\"elementor-button-content-wrapper\">\n\t\t\t\t\t\t\t\t\t<span class=\"elementor-button-text\">P\u00d3S-GRADUA\u00c7\u00c3O \"SA\u00daDE MENTAL DA MULHER\"<\/span>\n\t\t\t\t\t<\/span>\n\t\t\t\t\t<\/a>\n\t\t\t\t\t\t\t\t<\/div>\n\t\t\t\t<div class=\"elementor-element elementor-element-0c9bbe1 elementor-widget__width-initial elementor-align-center elementor-widget elementor-widget-button\" data-id=\"0c9bbe1\" data-element_type=\"widget\" data-e-type=\"widget\" data-widget_type=\"button.default\">\n\t\t\t\t\t\t\t\t\t\t<a class=\"elementor-button elementor-button-link elementor-size-sm\" href=\"https:\/\/bit.ly\/GrupoMSTN\">\n\t\t\t\t\t\t<span class=\"elementor-button-content-wrapper\">\n\t\t\t\t\t\t\t\t\t<span class=\"elementor-button-text\">CURSOS E EVENTOS PARA PROFISSIONAIS DE SA\u00daDE - Grupo do WhatsApp<\/span>\n\t\t\t\t\t<\/span>\n\t\t\t\t\t<\/a>\n\t\t\t\t\t\t\t\t<\/div>\n\t\t\t\t<div class=\"elementor-element elementor-element-6109af3 elementor-widget__width-initial elementor-align-center elementor-widget elementor-widget-button\" data-id=\"6109af3\" data-element_type=\"widget\" data-e-type=\"widget\" data-widget_type=\"button.default\">\n\t\t\t\t\t\t\t\t\t\t<a class=\"elementor-button elementor-button-link elementor-size-sm\" href=\"https:\/\/api.whatsapp.com\/send\/?phone=5511948423550&#038;text=Ol%C3%A1%21+Estou+vendo+o+instagram+da+Dra+Sophie+e+tenho+uma+d%C3%BAvida.&#038;type=phone_number&#038;app_absent=0\">\n\t\t\t\t\t\t<span class=\"elementor-button-content-wrapper\">\n\t\t\t\t\t\t\t\t\t<span class=\"elementor-button-text\">Entrar em contato pelo WhatsApp<\/span>\n\t\t\t\t\t<\/span>\n\t\t\t\t\t<\/a>\n\t\t\t\t\t\t\t\t<\/div>\n\t\t\t\t\t<\/div>\n\t\t\t\t<\/div>\n\t\t\t\t<div class=\"elementor-element elementor-element-34f88b4c elementor-widget elementor-widget-text-editor\" data-id=\"34f88b4c\" data-element_type=\"widget\" data-e-type=\"widget\" data-widget_type=\"text-editor.default\">\n\t\t\t\t\t\t\t\t\t<p><strong>Dra. Sophie Deram, Ph.D<\/strong><br \/>Nutricionista, engenheira agr\u00f4noma e doutora pelo Departamento de Endocrinologia da Faculdade de Medicina da USP. Coordeno o projeto de gen\u00e9tica no Laborat\u00f3rio de Neuroci\u00eancias\u00a0 do IPq-HCFMUSP e sou idealizadora do M\u00e9todo Sophie de Terapia Nutricional, que integra nutri\u00e7\u00e3o, neuroci\u00eancia e comportamento alimentar. Realizo consultas de terapia nutricional h\u00e1 mais de 20 anos e j\u00e1 formei mais de 800 profissionais de sa\u00fade. Tamb\u00e9m sou autora de tr\u00eas best-sellers sobre nutri\u00e7\u00e3o e palestrante internacional.<\/p>\t\t\t\t\t\t\t\t<\/div>\n\t\t\t\t\t<\/div>\n\t\t<\/div>\n\t\t\t\t\t<\/div>\n\t\t<\/section>\n\t\t<div class=\"elementor-element elementor-element-5bd2c36 e-flex e-con-boxed e-con e-parent\" data-id=\"5bd2c36\" data-element_type=\"container\" data-e-type=\"container\" data-settings=\"{&quot;background_background&quot;:&quot;classic&quot;}\">\n\t\t\t\t\t<div class=\"e-con-inner\">\n\t\t\t\t<div class=\"elementor-element elementor-element-c672242 elementor-widget elementor-widget-text-editor\" data-id=\"c672242\" data-element_type=\"widget\" data-e-type=\"widget\" data-widget_type=\"text-editor.default\">\n\t\t\t\t\t\t\t\t\t<div class=\"elementor-element elementor-element-7740a7ae elementor-icon-list--layout-inline elementor-align-center elementor-list-item-link-full_width elementor-widget elementor-widget-icon-list\" data-id=\"7740a7ae\" data-element_type=\"widget\" data-widget_type=\"icon-list.default\"><div class=\"elementor-widget-container\"><p><span style=\"color: #101010;\"><a style=\"color: #101010;\" href=\"https:\/\/metodosophie.com.br\/termos-de-uso-e-servico\" target=\"_blank\" rel=\"noopener\"><span class=\"elementor-icon-list-text\">Termos de uso | <\/span><\/a><\/span><span style=\"color: #101010;\"><a style=\"color: #101010;\" href=\"https:\/\/metodosophie.com.br\/politica-de-privacidade\/\" target=\"_blank\" rel=\"noopener\"><span class=\"elementor-icon-list-text\">Pol\u00edtica de Privacidade<\/span><\/a><\/span><\/p><\/div><\/div><div class=\"elementor-element elementor-element-35058964 elementor-widget elementor-widget-heading\" data-id=\"35058964\" data-element_type=\"widget\" data-widget_type=\"heading.default\"><div class=\"elementor-widget-container\"><p class=\"elementor-heading-title elementor-size-default\"><span style=\"color: #101010;\">Copyright \u00a92025 | Todos os direitos reservados. | Sophie Deram Nutrition Ltda\u00a0 &#8211; CNPJ: 20.423.098\/0001-05<\/span><\/p><\/div><\/div>\t\t\t\t\t\t\t\t<\/div>\n\t\t\t\t\t<\/div>\n\t\t\t\t<\/div>\n\t\t\t\t<\/div>\n\t\t","protected":false},"excerpt":{"rendered":"<p>Bem-vindo(a)! Que bom ter voc\u00ea por aqui. Aqui voc\u00ea encontra links para eventos, consultas, cursos, v\u00eddeos, publica\u00e7\u00f5es e outros conte\u00fados relevantes sobre sa\u00fade, comportamento alimentar e ci\u00eancia da nutri\u00e7\u00e3o. 15\/05 &#8211; ENCONTRO H\u00cdBRIDO &#8220;OS 7 PILARES DA SA\u00daDE ALIMENTAR&#8221; SOLICITAR INFORMA\u00c7\u00d5ES SOBRE CONSULTAS COMIGO ENTRAR NA COMUNIDADE GRATUITA &#8220;EFEITO SOPHIE&#8221; FORMA\u00c7\u00c3O &#8220;M\u00c9TODO SOPHIE DE TERAPIA [&hellip;]<\/p>\n","protected":false},"author":1,"featured_media":0,"parent":0,"menu_order":0,"comment_status":"closed","ping_status":"closed","template":"elementor_canvas","meta":{"_monsterinsights_skip_tracking":false,"_monsterinsights_sitenote_active":false,"_monsterinsights_sitenote_note":"","_monsterinsights_sitenote_category":0,"footnotes":""},"class_list":["post-43","page","type-page","status-publish","hentry"],"_links":{"self":[{"href":"https:\/\/sophiederam.com\/linktree\/wp-json\/wp\/v2\/pages\/43","targetHints":{"allow":["GET"]}}],"collection":[{"href":"https:\/\/sophiederam.com\/linktree\/wp-json\/wp\/v2\/pages"}],"about":[{"href":"https:\/\/sophiederam.com\/linktree\/wp-json\/wp\/v2\/types\/page"}],"author":[{"embeddable":true,"href":"https:\/\/sophiederam.com\/linktree\/wp-json\/wp\/v2\/users\/1"}],"replies":[{"embeddable":true,"href":"https:\/\/sophiederam.com\/linktree\/wp-json\/wp\/v2\/comments?post=43"}],"version-history":[{"count":182,"href":"https:\/\/sophiederam.com\/linktree\/wp-json\/wp\/v2\/pages\/43\/revisions"}],"predecessor-version":[{"id":277,"href":"https:\/\/sophiederam.com\/linktree\/wp-json\/wp\/v2\/pages\/43\/revisions\/277"}],"wp:attachment":[{"href":"https:\/\/sophiederam.com\/linktree\/wp-json\/wp\/v2\/media?parent=43"}],"curies":[{"name":"wp","href":"https:\/\/api.w.org\/{rel}","templated":true}]}}